{"id":200,"date":"2022-01-18T12:03:13","date_gmt":"2022-01-18T12:03:13","guid":{"rendered":"https:\/\/www.carpatia.sk\/?page_id=200"},"modified":"2025-03-11T09:58:57","modified_gmt":"2025-03-11T09:58:57","slug":"we-think-we-care","status":"publish","type":"page","link":"https:\/\/related.sk\/sk\/we-think-we-care\/","title":{"rendered":"Mysl\u00edme si"},"content":{"rendered":"<div id=\"pl-200\"  class=\"panel-layout\" ><div id=\"pg-200-0\"  class=\"panel-grid panel-no-style\" ><div id=\"pgc-200-0-0\"  class=\"panel-grid-cell\" ><div id=\"panel-200-0-0-0\" class=\"so-panel widget widget_sow-editor panel-first-child\" data-index=\"0\" ><div class=\"so-widget-sow-editor so-widget-sow-editor-base\">\n<div class=\"siteorigin-widget-tinymce textwidget\">\n\t<hr \/>\n<h1>Star\u00e1me sa<\/h1>\n<\/div>\n<\/div><\/div><div id=\"panel-200-0-0-1\" class=\"so-panel widget widget_sow-editor\" data-index=\"1\" ><div class=\"so-widget-sow-editor so-widget-sow-editor-base\">\n<div class=\"siteorigin-widget-tinymce textwidget\">\n\t<p>Popri na\u0161ich obchodn\u00fdch aktivit\u00e1ch neust\u00e1le sledujeme na\u0161e soci\u00e1lne a environment\u00e1lne prostredie, ako aj t\u00fdch, ktor\u00ed by mohli potrebova\u0165 pomoc.<\/p>\n<p>Ke\u010f\u017ee n\u00e1m z\u00e1le\u017e\u00ed v akom prostred\u00ed p\u00f4sob\u00edme, spolupracujeme s neziskovou organiz\u00e1ciou Hey, Human, ktor\u00e1 sa sna\u017e\u00ed zmeni\u0165 zanedban\u00e9 nehnute\u013enosti a mestsk\u00e9 brownfieldy na ekologick\u00e9 Greenfield's.<\/p>\n<\/div>\n<\/div><\/div><div id=\"panel-200-0-0-2\" class=\"so-panel widget widget_sow-image\" data-index=\"2\" ><div class=\"so-widget-sow-image so-widget-sow-image-default-d6014b76747a-200\">\n\n<div class=\"sow-image-container\">\n\t\t<img decoding=\"async\" src=\"https:\/\/related.sk\/wp-content\/uploads\/2025\/01\/Sni\u0301mka-obrazovky-2024-09-11-o-13.13.01.png\" width=\"150\" height=\"70\" sizes=\"auto, (max-width: 150px) 100vw, 150px\" title=\"Sni\u0301mka obrazovky 2024-09-11 o 13.13.01\" alt=\"\" loading=\"lazy\" \t\tclass=\"so-widget-image\"\/>\n\t<\/div>\n\n<\/div><\/div><div id=\"panel-200-0-0-3\" class=\"so-panel widget widget_sow-editor panel-last-child\" data-index=\"3\" ><div class=\"so-widget-sow-editor so-widget-sow-editor-base\">\n<div class=\"siteorigin-widget-tinymce textwidget\">\n\t<hr \/>\n<h1>Prilo\u017eili sme ruku k dielu aj pri t\u00fdchto projektoch<\/h1>\n<h3><\/h3>\n<\/div>\n<\/div><\/div><\/div><\/div><div id=\"pg-200-1\"  class=\"panel-grid panel-no-style\" ><div id=\"pgc-200-1-0\"  class=\"panel-grid-cell\" ><div id=\"panel-200-1-0-0\" class=\"so-panel widget widget_sow-image panel-first-child panel-last-child\" data-index=\"4\" ><div class=\"so-widget-sow-image so-widget-sow-image-default-6b88c04c1f9b-200\">\n\n<div class=\"sow-image-container\">\n\t\t<img decoding=\"async\" src=\"https:\/\/related.sk\/wp-content\/uploads\/2025\/01\/deti-mieru.png\" width=\"300\" height=\"180\" sizes=\"auto, (max-width: 300px) 100vw, 300px\" title=\"deti mieru\" alt=\"\" loading=\"lazy\" \t\tclass=\"so-widget-image\"\/>\n\t<\/div>\n\n<\/div><\/div><\/div><div id=\"pgc-200-1-1\"  class=\"panel-grid-cell\" ><div id=\"panel-200-1-1-0\" class=\"so-panel widget widget_sow-editor panel-first-child panel-last-child\" data-index=\"5\" ><div class=\"so-widget-sow-editor so-widget-sow-editor-base\">\n<div class=\"siteorigin-widget-tinymce textwidget\">\n\t<p><a href=\"https:\/\/related.sk\/sk\/project\/reconstruction-and-return-of-the-deti-mieru-statue-trizuliak\/\">Rekon\u0161trukcia a n\u00e1vrat sochy Deti Mieru, Trizuliak<\/a><\/p>\n<p>Lokalita: Bratislava, Novohradsk\u00e1 ulica<br \/>\nD\u00e1tum: 2024<br \/>\nKoordin\u00e1cia pr\u00edpravy rekon\u0161trukcie sochy, projektov\u00fd mana\u017ement pri in\u0161tal\u00e1cii sochy<\/p>\n<\/div>\n<\/div><\/div><\/div><\/div><div id=\"pg-200-2\"  class=\"panel-grid panel-no-style\" ><div id=\"pgc-200-2-0\"  class=\"panel-grid-cell\" ><div id=\"panel-200-2-0-0\" class=\"so-panel widget widget_sow-image panel-first-child panel-last-child\" data-index=\"6\" ><div class=\"so-widget-sow-image so-widget-sow-image-default-6b88c04c1f9b-200\">\n\n<div class=\"sow-image-container\">\n\t\t<img decoding=\"async\" src=\"https:\/\/related.sk\/wp-content\/uploads\/2025\/01\/Sni\u0301mka-obrazovky-2024-12-03-o-10.20.26.png\" width=\"300\" height=\"168\" sizes=\"auto, (max-width: 300px) 100vw, 300px\" title=\"Sni\u0301mka obrazovky 2024-12-03 o 10.20.26\" alt=\"\" loading=\"lazy\" \t\tclass=\"so-widget-image\"\/>\n\t<\/div>\n\n<\/div><\/div><\/div><div id=\"pgc-200-2-1\"  class=\"panel-grid-cell\" ><div id=\"panel-200-2-1-0\" class=\"so-panel widget widget_sow-editor panel-first-child panel-last-child\" data-index=\"7\" ><div class=\"so-widget-sow-editor so-widget-sow-editor-base\">\n<div class=\"siteorigin-widget-tinymce textwidget\">\n\t<p><a href=\"https:\/\/related.sk\/sk\/project\/filialka-reconstruction-of-the-park-community-space-for-residents\/\">Fili\u00e1lka, rekon\u0161trukcia parku a komunitn\u00e9ho priestoru<\/a><\/p>\n<p>Lokalita: Bratislava, Ra\u010dianska ulica<br \/>\nD\u00e1tum: 2024<br \/>\nPr\u00edprava projektu a n\u00e1vrhu rekon\u0161trukcie<\/p>\n<\/div>\n<\/div><\/div><\/div><\/div><div id=\"pg-200-3\"  class=\"panel-grid panel-no-style\" ><div id=\"pgc-200-3-0\"  class=\"panel-grid-cell\" ><div id=\"panel-200-3-0-0\" class=\"so-panel widget widget_sow-image panel-first-child panel-last-child\" data-index=\"8\" ><div class=\"so-widget-sow-image so-widget-sow-image-default-6b88c04c1f9b-200\">\n\n<div class=\"sow-image-container\">\n\t\t<img decoding=\"async\" src=\"https:\/\/related.sk\/wp-content\/uploads\/2025\/01\/unnamed.jpg\" width=\"300\" height=\"200\" sizes=\"auto, (max-width: 300px) 100vw, 300px\" alt=\"\" loading=\"lazy\" \t\tclass=\"so-widget-image\"\/>\n\t<\/div>\n\n<\/div><\/div><\/div><div id=\"pgc-200-3-1\"  class=\"panel-grid-cell\" ><div id=\"panel-200-3-1-0\" class=\"so-panel widget widget_sow-editor panel-first-child panel-last-child\" data-index=\"9\" ><div class=\"so-widget-sow-editor so-widget-sow-editor-base\">\n<div class=\"siteorigin-widget-tinymce textwidget\">\n\t<p><a href=\"https:\/\/related.resse.sk\/project\/reconstruction-of-premises-zus-sklenarova\/\">Rekon\u0161trukcia interi\u00e9ru ZU\u0160 Sklen\u00e1rova<\/a><\/p>\n<p>Lokalita: Bratislava, Sklen\u00e1rova ulica<br \/>\nD\u00e1tum: 2023, 2024<br \/>\nPomoc s koordin\u00e1ciou pr\u00e1c pri rekon\u0161trukcii interi\u00e9ru \u0161koly<\/p>\n<\/div>\n<\/div><\/div><\/div><\/div><div id=\"pg-200-4\"  class=\"panel-grid panel-no-style\" ><div id=\"pgc-200-4-0\"  class=\"panel-grid-cell\" ><div id=\"panel-200-4-0-0\" class=\"so-panel widget widget_sow-image panel-first-child panel-last-child\" data-index=\"10\" ><div class=\"so-widget-sow-image so-widget-sow-image-default-6b88c04c1f9b-200\">\n\n<div class=\"sow-image-container\">\n\t\t<img decoding=\"async\" src=\"https:\/\/related.sk\/wp-content\/uploads\/2025\/01\/Ihrisko-Novohradska-7.jpg\" width=\"300\" height=\"198\" sizes=\"auto, (max-width: 300px) 100vw, 300px\" alt=\"\" loading=\"lazy\" \t\tclass=\"so-widget-image\"\/>\n\t<\/div>\n\n<\/div><\/div><\/div><div id=\"pgc-200-4-1\"  class=\"panel-grid-cell\" ><div id=\"panel-200-4-1-0\" class=\"so-panel widget widget_sow-editor panel-first-child panel-last-child\" data-index=\"11\" ><div class=\"so-widget-sow-editor so-widget-sow-editor-base\">\n<div class=\"siteorigin-widget-tinymce textwidget\">\n\t<p><a href=\"https:\/\/related.resse.sk\/project\/reconstruction-of-the-gjh-playground\/\">Rekon\u0161trukcia ihriska GJH<\/a><\/p>\n<p>Lokalita: Bratislava, Novohradsk\u00e1 ulica<br \/>\nD\u00e1tum: 2021<br \/>\nPomoc s koordin\u00e1ciou pr\u00e1c pri rekon\u0161trukcii ihriska<\/p>\n<\/div>\n<\/div><\/div><\/div><\/div><div id=\"pg-200-5\"  class=\"panel-grid panel-no-style\" ><div id=\"pgc-200-5-0\"  class=\"panel-grid-cell\" ><div id=\"panel-200-5-0-0\" class=\"so-panel widget widget_sow-editor panel-first-child panel-last-child\" data-index=\"12\" ><div class=\"so-widget-sow-editor so-widget-sow-editor-base\">\n<div class=\"siteorigin-widget-tinymce textwidget\">\n\t<h1>Mysl\u00edme si<\/h1>\n<\/div>\n<\/div><\/div><\/div><\/div><div id=\"pg-200-6\"  class=\"panel-grid panel-no-style\" ><div id=\"pgc-200-6-0\"  class=\"panel-grid-cell\" ><div id=\"panel-200-6-0-0\" class=\"so-panel widget widget_sow-editor panel-first-child panel-last-child\" data-index=\"13\" ><div class=\"so-widget-sow-editor so-widget-sow-editor-base\">\n<div class=\"siteorigin-widget-tinymce textwidget\">\n\t<div class=\"accordion-text-component\">            \n            <div class=\"item\">\n                <!-- Hlavi\u010dka akorde\u00f3nu -->\n                <div class=\"header\" data-hash=\"#Vision\">\n                    <h3 class=\"title\">V\u00edzia<\/h3>\n                <\/div>\n\n                <!-- Telo akorde\u00f3nu -->\n                <div class=\"body\" id=\"Vision\">\n                                            <div class=\"content\">\n                            <p>M\u00e1me v\u00edziu a amb\u00edcie, neboj\u00edme sa ich pou\u017e\u00edva\u0165.<\/p>\n                        <\/div>\n                                    <\/div><!-- \/.body -->\n            <\/div><!-- \/.item -->\n\n                        \n            <div class=\"item\">\n                <!-- Hlavi\u010dka akorde\u00f3nu -->\n                <div class=\"header\" data-hash=\"#Creativity\">\n                    <h3 class=\"title\">Kreativita<\/h3>\n                <\/div>\n\n                <!-- Telo akorde\u00f3nu -->\n                <div class=\"body\" id=\"Creativity\">\n                                            <div class=\"content\">\n                            <p>Sna\u017e\u00edme sa by\u0165 pri na\u0161ich aktivit\u00e1ch kreat\u00edvny.<\/p>\n                        <\/div>\n                                    <\/div><!-- \/.body -->\n            <\/div><!-- \/.item -->\n\n                        \n            <div class=\"item\">\n                <!-- Hlavi\u010dka akorde\u00f3nu -->\n                <div class=\"header\" data-hash=\"#Innovation\">\n                    <h3 class=\"title\">Inov\u00e1cie<\/h3>\n                <\/div>\n\n                <!-- Telo akorde\u00f3nu -->\n                <div class=\"body\" id=\"Innovation\">\n                                            <div class=\"content\">\n                            <p>Pou\u017e\u00edvame nov\u00e9 trendy, technol\u00f3gie a procesy.<\/p>\n                        <\/div>\n                                    <\/div><!-- \/.body -->\n            <\/div><!-- \/.item -->\n\n                        \n            <div class=\"item\">\n                <!-- Hlavi\u010dka akorde\u00f3nu -->\n                <div class=\"header\" data-hash=\"#Sustainability\">\n                    <h3 class=\"title\">Udr\u017eate\u013enos\u0165<\/h3>\n                <\/div>\n\n                <!-- Telo akorde\u00f3nu -->\n                <div class=\"body\" id=\"Sustainability\">\n                                            <div class=\"content\">\n                            <p>D\u00f4le\u017eit\u00e9 pri na\u0161ej \u010dinnosti je dba\u0165 na udr\u017eate\u013enos\u0165.<\/p>\n                        <\/div>\n                                    <\/div><!-- \/.body -->\n            <\/div><!-- \/.item -->\n\n                        \n            <div class=\"item\">\n                <!-- Hlavi\u010dka akorde\u00f3nu -->\n                <div class=\"header\" data-hash=\"#Ecology\">\n                    <h3 class=\"title\">Ekol\u00f3gia<\/h3>\n                <\/div>\n\n                <!-- Telo akorde\u00f3nu -->\n                <div class=\"body\" id=\"Ecology\">\n                                            <div class=\"content\">\n                            <p>Sna\u017e\u00edme sa pri na\u0161ej pr\u00e1ci podporova\u0165 ekologick\u00e9 princ\u00edpy.<\/p>\n                        <\/div>\n                                    <\/div><!-- \/.body -->\n            <\/div><!-- \/.item -->\n\n                        \n            <div class=\"item\">\n                <!-- Hlavi\u010dka akorde\u00f3nu -->\n                <div class=\"header\" data-hash=\"#Community\">\n                    <h3 class=\"title\">Komunita<\/h3>\n                <\/div>\n\n                <!-- Telo akorde\u00f3nu -->\n                <div class=\"body\" id=\"Community\">\n                                            <div class=\"content\">\n                            <p>Sna\u017e\u00edme sa podporova\u0165 a budova\u0165 priate\u013esk\u00fa komunitu, v ktorej p\u00f4sob\u00edme, pracujeme a \u017eijeme.<\/p>\n                        <\/div>\n                                    <\/div><!-- \/.body -->\n            <\/div><!-- \/.item -->\n\n            <\/div> <!-- \/.accordion-text-component -->\n<\/div>\n<\/div><\/div><\/div><\/div><\/div>","protected":false},"excerpt":{"rendered":"<p>We Care Along with our business activities we always keep on eye on our social and environmental surroundings, as well as on those who might need some help. Since we care what environment we operate in, we cooperate with the non-profit organization Hey, Human, which strives to change neglected real estate and urban brownfields into [&hellip;]<\/p>","protected":false},"author":5,"featured_media":506,"parent":0,"menu_order":0,"comment_status":"closed","ping_status":"closed","template":"","meta":{"footnotes":""},"class_list":["post-200","page","type-page","status-publish","has-post-thumbnail","hentry"],"acf":[],"yoast_head":"<!-- This site is optimized with the Yoast SEO plugin v18.1 - https:\/\/yoast.com\/wordpress\/plugins\/seo\/ -->\n<meta name=\"robots\" content=\"index, follow, max-snippet:-1, max-image-preview:large, max-video-preview:-1\" \/>\n<link rel=\"canonical\" href=\"https:\/\/related.sk\/sk\/we-think-we-care\/\" \/>\n<meta property=\"og:locale\" content=\"sk_SK\" \/>\n<meta property=\"og:type\" content=\"article\" \/>\n<meta property=\"og:title\" content=\"We think - Related Group s. r. o.\" \/>\n<meta property=\"og:description\" content=\"We Care Along with our business activities we always keep on eye on our social and environmental surroundings, as well as on those who might need some help. Since we care what environment we operate in, we cooperate with the non-profit organization Hey, Human, which strives to change neglected real estate and urban brownfields into [&hellip;]\" \/>\n<meta property=\"og:url\" content=\"https:\/\/related.sk\/sk\/we-think-we-care\/\" \/>\n<meta property=\"og:site_name\" content=\"Related Group s. r. o.\" \/>\n<meta property=\"article:modified_time\" content=\"2025-03-11T09:58:57+00:00\" \/>\n<meta property=\"og:image\" content=\"https:\/\/related.sk\/wp-content\/uploads\/2022\/03\/WHAT-WE-THINK@2x.jpg\" \/>\n\t<meta property=\"og:image:width\" content=\"2500\" \/>\n\t<meta property=\"og:image:height\" content=\"929\" \/>\n\t<meta property=\"og:image:type\" content=\"image\/jpeg\" \/>\n<meta name=\"twitter:card\" content=\"summary_large_image\" \/>\n<meta name=\"twitter:label1\" content=\"Predpokladan\u00fd \u010das \u010d\u00edtania\" \/>\n\t<meta name=\"twitter:data1\" content=\"1 min\u00fata\" \/>\n<script type=\"application\/ld+json\" class=\"yoast-schema-graph\">{\"@context\":\"https:\/\/schema.org\",\"@graph\":[{\"@type\":\"WebSite\",\"@id\":\"https:\/\/related.sk\/#website\",\"url\":\"https:\/\/related.sk\/\",\"name\":\"Related Group s. r. o.\",\"description\":\"\",\"potentialAction\":[{\"@type\":\"SearchAction\",\"target\":{\"@type\":\"EntryPoint\",\"urlTemplate\":\"https:\/\/related.sk\/?s={search_term_string}\"},\"query-input\":\"required name=search_term_string\"}],\"inLanguage\":\"sk-SK\"},{\"@type\":\"ImageObject\",\"@id\":\"https:\/\/related.sk\/we-think-we-care\/#primaryimage\",\"inLanguage\":\"sk-SK\",\"url\":\"https:\/\/related.sk\/wp-content\/uploads\/2022\/03\/WHAT-WE-THINK@2x.jpg\",\"contentUrl\":\"https:\/\/related.sk\/wp-content\/uploads\/2022\/03\/WHAT-WE-THINK@2x.jpg\",\"width\":2500,\"height\":929},{\"@type\":\"WebPage\",\"@id\":\"https:\/\/related.sk\/we-think-we-care\/#webpage\",\"url\":\"https:\/\/related.sk\/we-think-we-care\/\",\"name\":\"We think - Related Group s. r. o.\",\"isPartOf\":{\"@id\":\"https:\/\/related.sk\/#website\"},\"primaryImageOfPage\":{\"@id\":\"https:\/\/related.sk\/we-think-we-care\/#primaryimage\"},\"datePublished\":\"2022-01-18T12:03:13+00:00\",\"dateModified\":\"2025-03-11T09:58:57+00:00\",\"breadcrumb\":{\"@id\":\"https:\/\/related.sk\/we-think-we-care\/#breadcrumb\"},\"inLanguage\":\"sk-SK\",\"potentialAction\":[{\"@type\":\"ReadAction\",\"target\":[\"https:\/\/related.sk\/we-think-we-care\/\"]}]},{\"@type\":\"BreadcrumbList\",\"@id\":\"https:\/\/related.sk\/we-think-we-care\/#breadcrumb\",\"itemListElement\":[{\"@type\":\"ListItem\",\"position\":1,\"name\":\"Home\",\"item\":\"https:\/\/related.sk\/\"},{\"@type\":\"ListItem\",\"position\":2,\"name\":\"We think\"}]}]}<\/script>\n<!-- \/ Yoast SEO plugin. -->","yoast_head_json":{"robots":{"index":"index","follow":"follow","max-snippet":"max-snippet:-1","max-image-preview":"max-image-preview:large","max-video-preview":"max-video-preview:-1"},"canonical":"https:\/\/related.sk\/sk\/we-think-we-care\/","og_locale":"sk_SK","og_type":"article","og_title":"We think - Related Group s. r. o.","og_description":"We Care Along with our business activities we always keep on eye on our social and environmental surroundings, as well as on those who might need some help. Since we care what environment we operate in, we cooperate with the non-profit organization Hey, Human, which strives to change neglected real estate and urban brownfields into [&hellip;]","og_url":"https:\/\/related.sk\/sk\/we-think-we-care\/","og_site_name":"Related Group s. r. o.","article_modified_time":"2025-03-11T09:58:57+00:00","og_image":[{"width":2500,"height":929,"url":"https:\/\/related.sk\/wp-content\/uploads\/2022\/03\/WHAT-WE-THINK@2x.jpg","type":"image\/jpeg"}],"twitter_card":"summary_large_image","twitter_misc":{"Predpokladan\u00fd \u010das \u010d\u00edtania":"1 min\u00fata"},"schema":{"@context":"https:\/\/schema.org","@graph":[{"@type":"WebSite","@id":"https:\/\/related.sk\/#website","url":"https:\/\/related.sk\/","name":"Related Group s. r. o.","description":"","potentialAction":[{"@type":"SearchAction","target":{"@type":"EntryPoint","urlTemplate":"https:\/\/related.sk\/?s={search_term_string}"},"query-input":"required name=search_term_string"}],"inLanguage":"sk-SK"},{"@type":"ImageObject","@id":"https:\/\/related.sk\/we-think-we-care\/#primaryimage","inLanguage":"sk-SK","url":"https:\/\/related.sk\/wp-content\/uploads\/2022\/03\/WHAT-WE-THINK@2x.jpg","contentUrl":"https:\/\/related.sk\/wp-content\/uploads\/2022\/03\/WHAT-WE-THINK@2x.jpg","width":2500,"height":929},{"@type":"WebPage","@id":"https:\/\/related.sk\/we-think-we-care\/#webpage","url":"https:\/\/related.sk\/we-think-we-care\/","name":"We think - Related Group s. r. o.","isPartOf":{"@id":"https:\/\/related.sk\/#website"},"primaryImageOfPage":{"@id":"https:\/\/related.sk\/we-think-we-care\/#primaryimage"},"datePublished":"2022-01-18T12:03:13+00:00","dateModified":"2025-03-11T09:58:57+00:00","breadcrumb":{"@id":"https:\/\/related.sk\/we-think-we-care\/#breadcrumb"},"inLanguage":"sk-SK","potentialAction":[{"@type":"ReadAction","target":["https:\/\/related.sk\/we-think-we-care\/"]}]},{"@type":"BreadcrumbList","@id":"https:\/\/related.sk\/we-think-we-care\/#breadcrumb","itemListElement":[{"@type":"ListItem","position":1,"name":"Home","item":"https:\/\/related.sk\/"},{"@type":"ListItem","position":2,"name":"We think"}]}]}},"_links":{"self":[{"href":"https:\/\/related.sk\/sk\/wp-json\/wp\/v2\/pages\/200","targetHints":{"allow":["GET"]}}],"collection":[{"href":"https:\/\/related.sk\/sk\/wp-json\/wp\/v2\/pages"}],"about":[{"href":"https:\/\/related.sk\/sk\/wp-json\/wp\/v2\/types\/page"}],"author":[{"embeddable":true,"href":"https:\/\/related.sk\/sk\/wp-json\/wp\/v2\/users\/5"}],"replies":[{"embeddable":true,"href":"https:\/\/related.sk\/sk\/wp-json\/wp\/v2\/comments?post=200"}],"version-history":[{"count":82,"href":"https:\/\/related.sk\/sk\/wp-json\/wp\/v2\/pages\/200\/revisions"}],"predecessor-version":[{"id":913,"href":"https:\/\/related.sk\/sk\/wp-json\/wp\/v2\/pages\/200\/revisions\/913"}],"wp:featuredmedia":[{"embeddable":true,"href":"https:\/\/related.sk\/sk\/wp-json\/wp\/v2\/media\/506"}],"wp:attachment":[{"href":"https:\/\/related.sk\/sk\/wp-json\/wp\/v2\/media?parent=200"}],"curies":[{"name":"wp","href":"https:\/\/api.w.org\/{rel}","templated":true}]}}