{"id":42,"date":"2022-01-17T08:39:37","date_gmt":"2022-01-17T08:39:37","guid":{"rendered":"https:\/\/www.carpatia.sk\/?page_id=42"},"modified":"2025-05-09T08:42:54","modified_gmt":"2025-05-09T08:42:54","slug":"about-us","status":"publish","type":"page","link":"https:\/\/related.sk\/sk\/about-us\/","title":{"rendered":"O n\u00e1s"},"content":{"rendered":"<div id=\"pl-42\"  class=\"panel-layout\" ><div id=\"pg-42-0\"  class=\"panel-grid panel-no-style\" ><div id=\"pgc-42-0-0\"  class=\"panel-grid-cell\" ><div id=\"panel-42-0-0-0\" class=\"so-panel widget widget_sow-editor panel-first-child panel-last-child\" data-index=\"0\" ><div class=\"so-widget-sow-editor so-widget-sow-editor-base\">\n<div class=\"siteorigin-widget-tinymce textwidget\">\n\t<p><div class=\"accordion-text-component\">            \n            <div class=\"item\">\n                <!-- Hlavi\u010dka akorde\u00f3nu -->\n                <div class=\"header\" data-hash=\"#Who we are \/ We are Related Group \/ We are your partners in the real estate field\">\n                    <h3 class=\"title\">Sme Related Group \/ V\u00e1\u0161 partner v oblasti developmentu nehnute\u013enost\u00ed<\/h3>\n                <\/div>\n\n                <!-- Telo akorde\u00f3nu -->\n                <div class=\"body\" id=\"Who we are \/ We are Related Group \/ We are your partners in the real estate field\">\n                                            <div class=\"content\">\n                            <p style=\"text-align: justify\"><strong>Related group je spolo\u010dnos\u0165 poskytuj\u00faca slu\u017eby v oblasti developmentu nehnute\u013enost\u00ed.<\/strong><\/p>\n<p style=\"text-align: justify\"><strong>Pon\u00fakame dlhodob\u00e9 partnerstvo pri rozvoji potenci\u00e1lu va\u0161ich nehnute\u013enost\u00ed.<\/strong> .<\/p>\n<p style=\"text-align: justify\" class=\"translation-block\">Rozumieme v\u00fdzvam, ktor\u00fdm ako vlastn\u00edk nehnute\u013enosti \u010del\u00edte a pon\u00fakame v\u00e1m spolupr\u00e1cu pri h\u013eadan\u00ed rie\u0161en\u00ed.<\/p>\n<p style=\"text-align: justify\">Na\u0161u poradensk\u00fa \u010dinnos\u0165 vyu\u017e\u00edva viacero v\u00fdznamn\u00fdch developersk\u00fdch spolo\u010dnost\u00ed p\u00f4sobiacich na slovenskom i zahrani\u010dnom trhu.<\/p>\n                        <\/div>\n                                    <\/div><!-- \/.body -->\n            <\/div><!-- \/.item -->\n\n                        \n            <div class=\"item\">\n                <!-- Hlavi\u010dka akorde\u00f3nu -->\n                <div class=\"header\" data-hash=\"#Our Strategy \/ Provide best services in real estate\">\n                    <h3 class=\"title\">Na\u0161ou strat\u00e9giou je poskytova\u0165 v\u00e1m najlep\u0161\u00ed servis<\/h3>\n                <\/div>\n\n                <!-- Telo akorde\u00f3nu -->\n                <div class=\"body\" id=\"Our Strategy \/ Provide best services in real estate\">\n                                            <div class=\"content\">\n                            <p class=\"translation-block\">My v Related Group m\u00e1me\ndostatok sk\u00fasenost\u00ed, rozumieme s\u00favislostiam a kontextom. M\u00e1me vz\u0165ah k veciam,\nktor\u00e9 rob\u00edme. V symbi\u00f3ze multidisciplinarity, odbornosti a poctivosti, tvor\u00edme kvalitn\u00e9\nprojekty s v\u00fdnimo\u010dnou pridanou hodnotou.<\/p>\n<p class=\"translation-block\">N\u00e1\u0161 klient m\u00e1 nehnute\u013enos\u0165 a my m\u00e1me know-how, ako nehnute\u013enos\u0165 \u010do najlep\u0161ie vyu\u017ei\u0165. Pripravme spolu nov\u00fd projekt.<\/p>\n<p>Na\u0161e dlhoro\u010dn\u00e9 sk\u00fasenosti chceme vyu\u017ei\u0165 na pr\u00edpravu projektov, ktor\u00e9 vytvoria soci\u00e1lnu, environment\u00e1lnu a ekonomick\u00fa hodnotu pre v\u0161etk\u00fdch z\u00fa\u010dastnen\u00fdch.<\/p>\n<p>H\u013ead\u00e1me zmysel pre  nevyu\u017e\u00edvan\u00e9 pozemky a stavby, ktor\u00fdm d\u00e1vame nov\u00fd v\u00fdznam. Na\u0161\u00edm cie\u013eom je vytv\u00e1ra\u0165 in\u0161pirat\u00edvne miesta, v ktor\u00fdch sa d\u00e1 \u017ei\u0165, pracova\u0165 a zab\u00e1va\u0165 sa, pri\u010dom sa sna\u017e\u00edme budova\u0165 a podporova\u0165 komunitu.<\/p>\n<p>Na\u0161ou silnou str\u00e1nkou je predov\u0161etk\u00fdm flexibilita a inovat\u00edvny pr\u00edstup, sna\u017e\u00edme sa dr\u017ea\u0165 krok s inov\u00e1ciami a realitn\u00fdm trhom, ktor\u00fd sa neust\u00e1le vyv\u00edja, no z\u00e1rove\u0148 po\u010d\u00favame na\u0161ich partnerov, ich potreby a v\u00edzie.<\/p>\n                        <\/div>\n                                    <\/div><!-- \/.body -->\n            <\/div><!-- \/.item -->\n\n            <\/div> <!-- \/.accordion-text-component --><br \/>\n<div class=\"accordion-numbers-component\">            \n            <div class=\"item\">\n                <!-- Hlavi\u010dka akorde\u00f3nu -->\n                <div class=\"header\" data-hash=\"#Overview \/ Numbers &amp; Facts \/ Our story continues\">\n                    <h3 class=\"title\">Preh\u013ead \/ \u010c\u00edsla a fakty \/ Na\u0161a story pokra\u010duje<\/h3>\n                <\/div>\n\n                <!-- Telo akorde\u00f3nu -->\n                <div class=\"body\" id=\"Overview \/ Numbers &amp; Facts \/ Our story continues\">\n                                            <div class=\"content\">\n                            <p>Sna\u017e\u00edme sa pristupova\u0165 k projektom s po\u010d\u00favan\u00edm, re\u0161pektovan\u00edm, porozumen\u00edm a prekon\u00e1van\u00edm potrieb na\u0161ich klientov.<\/p>\n                        <\/div>\n                    \n                    <div class=\"numbers\">\n                                                    <div class=\"number number1\">Na\u0161u spolo\u010dnos\u0165 budujeme od roku 2008.<\/div>\n                                                                            <div class=\"number number2\">Pon\u00fakame v\u00e1m viac ako 20 ro\u010dn\u00e9 sk\u00fasenosti pri pr\u00edprave developersk\u00fdch projektov.<\/div>\n                                                                            <div class=\"number number3\">Za n\u00e1\u0161ho p\u00f4sobenia m\u00e1me za sebou 400 hekt\u00e1rov  nevyu\u017eitej p\u00f4dy zmenenej na  investi\u010dn\u00fa pr\u00edle\u017eisto\u0165.<\/div>\n                                            <\/div>\n                <\/div><!-- \/.body -->\n            <\/div><!-- \/.item -->\n\n            <\/div> <!-- \/.accordion-numbers-component --><br \/>\n<div class=\"accordion-image-component\">            <div class=\"item\">\n                <div class=\"header\" data-hash=\"#People \/ Our story is constantly evolving, become a part of it\">\n                    <h3 class=\"title\">N\u00e1\u0161 pr\u00edbeh sa neust\u00e1le vyv\u00edja \/ My v Related Group sme rodina \/ Trv\u00e1cna hodnota vznik\u00e1 vo vz\u0165ahoch. Vz\u0165ahoch k \u013eu\u010fom, k miestam, k princ\u00edpom \/ Zakladatelia spolo\u010dnosti<\/h3>\n                <\/div>\n                <div class=\"body\" id=\"People \/ Our story is constantly evolving, become a part of it\">\n                                                                        <div class=\"nested-accordion\">\n                                                                    <img decoding=\"async\" src=\"https:\/\/related.sk\/wp-content\/uploads\/2025\/05\/DSC_1970-Edit-min.png\" alt=\"People \/ Our story is constantly evolving, become a part of it \/ We in Related Group are family \/ Our foundation is mutual connections. Our long-lasting value is based on them and the connections with people, places and principles that we make along the way\/ The founders of this company\" class=\"accordion-image-custom\" \/>\n                                \n                                <div class=\"content\">\n                                    <p>Ing. Juraj Juritka<\/p>\n<p>CEO<\/p>\n<p>Svoje dvadsa\u0165ro\u010dn\u00e9 sk\u00fasenosti z developmentu, na poz\u00edci\u00ed ako investi\u010dn\u00fd riadite\u013e a development mana\u017e\u00e9r, z\u00faro\u010dujem v na\u0161ej spolo\u010dnosti Related Group, kde m\u00e1m na starosti vedenie spolo\u010dnosti a akviz\u00edciu nov\u00fdch projektov.<\/p>\n                                <\/div>\n                            <\/div>\n                                                    <div class=\"nested-accordion\">\n                                                                    <img decoding=\"async\" src=\"https:\/\/related.sk\/wp-content\/uploads\/2025\/05\/DSC_2004-Edit-min.png\" alt=\"People \/ Our story is constantly evolving, become a part of it \/ We in Related Group are family \/ Our foundation is mutual connections. Our long-lasting value is based on them and the connections with people, places and principles that we make along the way\/ The founders of this company\" class=\"accordion-image-custom\" \/>\n                                \n                                <div class=\"content\">\n                                    <p>Ing. Miroslava Juritkov\u00e1, MBA<\/p>\n<p>COO<\/p>\n<p>Dvadsa\u0165 rokov praxe v oblasti ohodnotenia nehnute\u013enost\u00ed a projektov\u00e9ho mana\u017ementu sa sna\u017e\u00edm z\u00faro\u010di\u0165 v Related Group.  Som zodpovedn\u00e1 za vedenie chodu spolo\u010dnosti a doh\u013eadom nad jednotliv\u00fdmi projektami.<\/p>\n                                <\/div>\n                            <\/div>\n                                                            <\/div>\n            <\/div>\n            <\/div><br \/>\n<div class=\"accordion-cooperate-component\">            \n            <!-- Jedna polo\u017eka akorde\u00f3nu -->\n            <div class=\"item\">\n                <!-- Hlavi\u010dka akorde\u00f3nu -->\n                <div class=\"header\" data-hash=\"#We Cooperate\">\n                    <h3 class=\"title\">Spolupracujeme s spolo\u010dnos\u0165ami<\/h3>\n                <\/div>\n\n                <!-- Telo akorde\u00f3nu -->\n                <div class=\"body\" id=\"We Cooperate\">\n\n                    <div class=\"cooperate-images-wrapper\"><div class=\"single-image-block\"><img decoding=\"async\" src=\"https:\/\/related.sk\/wp-content\/uploads\/2025\/01\/vsum.png\" alt=\"\" class=\"cooperate-gallery-image\" \/><\/div><div class=\"single-image-block\"><img decoding=\"async\" src=\"https:\/\/related.sk\/wp-content\/uploads\/2025\/01\/GOL.png\" alt=\"\" class=\"cooperate-gallery-image\" \/><\/div><div class=\"single-image-block\"><img decoding=\"async\" src=\"https:\/\/related.sk\/wp-content\/uploads\/2025\/01\/lucron.png\" alt=\"\" class=\"cooperate-gallery-image\" \/><\/div><div class=\"single-image-block\"><img decoding=\"async\" src=\"https:\/\/related.sk\/wp-content\/uploads\/2025\/01\/sieber.png\" alt=\"\" class=\"cooperate-gallery-image\" \/><\/div><div class=\"single-image-block\"><img decoding=\"async\" src=\"https:\/\/related.sk\/wp-content\/uploads\/2025\/01\/cz.png\" alt=\"\" class=\"cooperate-gallery-image\" \/><\/div><\/div><div class=\"cooperate-images-wrapper\"><\/div>\n                <\/div><!-- .body -->\n            <\/div><!-- .item -->\n            <\/div> <!-- .accordion-cooperate-component --><\/p>\n<\/div>\n<\/div><\/div><\/div><\/div><\/div>","protected":false},"excerpt":{"rendered":"<p>Who we are \/ We are Related Group \/ We are your partners in the real estate field Related is a real estate consulting &amp; development company We offer a long-term partnership in developing the potential of your real estate. We understand the challenges you face as a property owner and offer you cooperation in [&hellip;]<\/p>","protected":false},"author":5,"featured_media":500,"parent":0,"menu_order":0,"comment_status":"closed","ping_status":"closed","template":"","meta":{"footnotes":""},"class_list":["post-42","page","type-page","status-publish","has-post-thumbnail","hentry"],"acf":[],"yoast_head":"<!-- This site is optimized with the Yoast SEO plugin v18.1 - https:\/\/yoast.com\/wordpress\/plugins\/seo\/ -->\n<meta name=\"robots\" content=\"index, follow, max-snippet:-1, max-image-preview:large, max-video-preview:-1\" \/>\n<link rel=\"canonical\" href=\"https:\/\/related.sk\/sk\/about-us\/\" \/>\n<meta property=\"og:locale\" content=\"sk_SK\" \/>\n<meta property=\"og:type\" content=\"article\" \/>\n<meta property=\"og:title\" content=\"About us - Related Group s. r. o.\" \/>\n<meta property=\"og:description\" content=\"Who we are \/ We are Related Group \/ We are your partners in the real estate field Related is a real estate consulting &amp; development company We offer a long-term partnership in developing the potential of your real estate. We understand the challenges you face as a property owner and offer you cooperation in [&hellip;]\" \/>\n<meta property=\"og:url\" content=\"https:\/\/related.sk\/sk\/about-us\/\" \/>\n<meta property=\"og:site_name\" content=\"Related Group s. r. o.\" \/>\n<meta property=\"article:modified_time\" content=\"2025-05-09T08:42:54+00:00\" \/>\n<meta property=\"og:image\" content=\"https:\/\/related.sk\/wp-content\/uploads\/2022\/03\/ABOUT-US@2x.jpg\" \/>\n\t<meta property=\"og:image:width\" content=\"2500\" \/>\n\t<meta property=\"og:image:height\" content=\"929\" \/>\n\t<meta property=\"og:image:type\" content=\"image\/jpeg\" \/>\n<meta name=\"twitter:card\" content=\"summary_large_image\" \/>\n<script type=\"application\/ld+json\" class=\"yoast-schema-graph\">{\"@context\":\"https:\/\/schema.org\",\"@graph\":[{\"@type\":\"WebSite\",\"@id\":\"https:\/\/related.sk\/#website\",\"url\":\"https:\/\/related.sk\/\",\"name\":\"Related Group s. r. o.\",\"description\":\"\",\"potentialAction\":[{\"@type\":\"SearchAction\",\"target\":{\"@type\":\"EntryPoint\",\"urlTemplate\":\"https:\/\/related.sk\/?s={search_term_string}\"},\"query-input\":\"required name=search_term_string\"}],\"inLanguage\":\"sk-SK\"},{\"@type\":\"ImageObject\",\"@id\":\"https:\/\/related.sk\/about-us\/#primaryimage\",\"inLanguage\":\"sk-SK\",\"url\":\"https:\/\/related.sk\/wp-content\/uploads\/2022\/03\/ABOUT-US@2x.jpg\",\"contentUrl\":\"https:\/\/related.sk\/wp-content\/uploads\/2022\/03\/ABOUT-US@2x.jpg\",\"width\":2500,\"height\":929},{\"@type\":\"WebPage\",\"@id\":\"https:\/\/related.sk\/about-us\/#webpage\",\"url\":\"https:\/\/related.sk\/about-us\/\",\"name\":\"About us - Related Group s. r. o.\",\"isPartOf\":{\"@id\":\"https:\/\/related.sk\/#website\"},\"primaryImageOfPage\":{\"@id\":\"https:\/\/related.sk\/about-us\/#primaryimage\"},\"datePublished\":\"2022-01-17T08:39:37+00:00\",\"dateModified\":\"2025-05-09T08:42:54+00:00\",\"breadcrumb\":{\"@id\":\"https:\/\/related.sk\/about-us\/#breadcrumb\"},\"inLanguage\":\"sk-SK\",\"potentialAction\":[{\"@type\":\"ReadAction\",\"target\":[\"https:\/\/related.sk\/about-us\/\"]}]},{\"@type\":\"BreadcrumbList\",\"@id\":\"https:\/\/related.sk\/about-us\/#breadcrumb\",\"itemListElement\":[{\"@type\":\"ListItem\",\"position\":1,\"name\":\"Home\",\"item\":\"https:\/\/related.sk\/\"},{\"@type\":\"ListItem\",\"position\":2,\"name\":\"About us\"}]}]}<\/script>\n<!-- \/ Yoast SEO plugin. -->","yoast_head_json":{"robots":{"index":"index","follow":"follow","max-snippet":"max-snippet:-1","max-image-preview":"max-image-preview:large","max-video-preview":"max-video-preview:-1"},"canonical":"https:\/\/related.sk\/sk\/about-us\/","og_locale":"sk_SK","og_type":"article","og_title":"About us - Related Group s. r. o.","og_description":"Who we are \/ We are Related Group \/ We are your partners in the real estate field Related is a real estate consulting &amp; development company We offer a long-term partnership in developing the potential of your real estate. We understand the challenges you face as a property owner and offer you cooperation in [&hellip;]","og_url":"https:\/\/related.sk\/sk\/about-us\/","og_site_name":"Related Group s. r. o.","article_modified_time":"2025-05-09T08:42:54+00:00","og_image":[{"width":2500,"height":929,"url":"https:\/\/related.sk\/wp-content\/uploads\/2022\/03\/ABOUT-US@2x.jpg","type":"image\/jpeg"}],"twitter_card":"summary_large_image","schema":{"@context":"https:\/\/schema.org","@graph":[{"@type":"WebSite","@id":"https:\/\/related.sk\/#website","url":"https:\/\/related.sk\/","name":"Related Group s. r. o.","description":"","potentialAction":[{"@type":"SearchAction","target":{"@type":"EntryPoint","urlTemplate":"https:\/\/related.sk\/?s={search_term_string}"},"query-input":"required name=search_term_string"}],"inLanguage":"sk-SK"},{"@type":"ImageObject","@id":"https:\/\/related.sk\/about-us\/#primaryimage","inLanguage":"sk-SK","url":"https:\/\/related.sk\/wp-content\/uploads\/2022\/03\/ABOUT-US@2x.jpg","contentUrl":"https:\/\/related.sk\/wp-content\/uploads\/2022\/03\/ABOUT-US@2x.jpg","width":2500,"height":929},{"@type":"WebPage","@id":"https:\/\/related.sk\/about-us\/#webpage","url":"https:\/\/related.sk\/about-us\/","name":"About us - Related Group s. r. o.","isPartOf":{"@id":"https:\/\/related.sk\/#website"},"primaryImageOfPage":{"@id":"https:\/\/related.sk\/about-us\/#primaryimage"},"datePublished":"2022-01-17T08:39:37+00:00","dateModified":"2025-05-09T08:42:54+00:00","breadcrumb":{"@id":"https:\/\/related.sk\/about-us\/#breadcrumb"},"inLanguage":"sk-SK","potentialAction":[{"@type":"ReadAction","target":["https:\/\/related.sk\/about-us\/"]}]},{"@type":"BreadcrumbList","@id":"https:\/\/related.sk\/about-us\/#breadcrumb","itemListElement":[{"@type":"ListItem","position":1,"name":"Home","item":"https:\/\/related.sk\/"},{"@type":"ListItem","position":2,"name":"About us"}]}]}},"_links":{"self":[{"href":"https:\/\/related.sk\/sk\/wp-json\/wp\/v2\/pages\/42","targetHints":{"allow":["GET"]}}],"collection":[{"href":"https:\/\/related.sk\/sk\/wp-json\/wp\/v2\/pages"}],"about":[{"href":"https:\/\/related.sk\/sk\/wp-json\/wp\/v2\/types\/page"}],"author":[{"embeddable":true,"href":"https:\/\/related.sk\/sk\/wp-json\/wp\/v2\/users\/5"}],"replies":[{"embeddable":true,"href":"https:\/\/related.sk\/sk\/wp-json\/wp\/v2\/comments?post=42"}],"version-history":[{"count":150,"href":"https:\/\/related.sk\/sk\/wp-json\/wp\/v2\/pages\/42\/revisions"}],"predecessor-version":[{"id":950,"href":"https:\/\/related.sk\/sk\/wp-json\/wp\/v2\/pages\/42\/revisions\/950"}],"wp:featuredmedia":[{"embeddable":true,"href":"https:\/\/related.sk\/sk\/wp-json\/wp\/v2\/media\/500"}],"wp:attachment":[{"href":"https:\/\/related.sk\/sk\/wp-json\/wp\/v2\/media?parent=42"}],"curies":[{"name":"wp","href":"https:\/\/api.w.org\/{rel}","templated":true}]}}