{"id":529,"date":"2025-01-08T20:20:05","date_gmt":"2025-01-08T20:20:05","guid":{"rendered":"https:\/\/related.resse.sk\/?page_id=529"},"modified":"2025-05-28T09:54:36","modified_gmt":"2025-05-28T09:54:36","slug":"contact","status":"publish","type":"page","link":"https:\/\/related.sk\/sk\/contact\/","title":{"rendered":"Kontakt"},"content":{"rendered":"<div id=\"pl-529\"  class=\"panel-layout\" ><div id=\"pg-529-0\"  class=\"panel-grid panel-no-style\" ><div id=\"pgc-529-0-0\"  class=\"panel-grid-cell\" ><div id=\"panel-529-0-0-0\" class=\"so-panel widget widget_sow-editor panel-first-child panel-last-child\" data-index=\"0\" ><div class=\"so-widget-sow-editor so-widget-sow-editor-base\">\n<div class=\"siteorigin-widget-tinymce textwidget\">\n\t<h2 class=\"has-top-border\">Kontaktn\u00e9 \u00fadaje<\/h2>\n<\/div>\n<\/div><\/div><\/div><\/div><div id=\"pg-529-1\"  class=\"panel-grid panel-no-style\" ><div id=\"pgc-529-1-0\"  class=\"panel-grid-cell panel-grid-cell-mobile-last\" ><div id=\"panel-529-1-0-0\" class=\"so-panel widget widget_sow-editor panel-first-child\" data-index=\"1\" ><div class=\"so-widget-sow-editor so-widget-sow-editor-base\">\n<div class=\"siteorigin-widget-tinymce textwidget\">\n\t<p>Related Group s.r.o<br \/>\nPrievozsk\u00e1 16633\/4<br \/>\nApollo BC II, blok A<br \/>\n821 09 Bratislava<\/p>\n<\/div>\n<\/div><\/div><div id=\"panel-529-1-0-1\" class=\"so-panel widget widget_sow-button panel-last-child\" data-index=\"2\" ><div class=\"so-widget-sow-button so-widget-sow-button-atom-26d68955a680-529\"><div class=\"ow-button-base ow-button-align-left\">\n\t<a href=\"https:\/\/maps.app.goo.gl\/k7wzrVKQXNUMR9rN7\" class=\"ow-icon-placement-left ow-button-hover\" target=\"_blank\" rel=\"noopener noreferrer\" \t\t>\n\t\t<span>\n\t\t\t\n\t\t\tGPS\t\t<\/span>\n\t<\/a>\n<\/div>\n<\/div><\/div><\/div><div id=\"pgc-529-1-1\"  class=\"panel-grid-cell panel-grid-cell-empty\" ><\/div><\/div><div id=\"pg-529-2\"  class=\"panel-grid panel-no-style\" ><div id=\"pgc-529-2-0\"  class=\"panel-grid-cell\" ><div id=\"panel-529-2-0-0\" class=\"so-panel widget widget_sow-editor panel-first-child panel-last-child\" data-index=\"3\" ><div class=\"so-widget-sow-editor so-widget-sow-editor-base\"><h3 class=\"widget-title\"> <\/h3>\n<div class=\"siteorigin-widget-tinymce textwidget\">\n\t<p>Email: <a class=\"cta_cont\" title=\"\" href=\"mailto:office@related.sk\">office@related.sk<\/a><\/p>\n<p>&nbsp;<\/p>\n<hr \/>\n<p>GDPR <a href=\"https:\/\/related.sk\/wp-content\/uploads\/2025\/01\/Related-Group-GDPR.pdf\">Related Group - GDPR<\/a><\/p>\n<\/div>\n<\/div><\/div><\/div><\/div><div id=\"pg-529-3\"  class=\"panel-grid panel-no-style\" ><div id=\"pgc-529-3-0\"  class=\"panel-grid-cell\" ><div id=\"panel-529-3-0-0\" class=\"widget_text so-panel widget widget_custom_html panel-first-child panel-last-child\" data-index=\"4\" ><div class=\"textwidget custom-html-widget\"><section class=\"content-section panel-contact-form\">\n  <div class=\"container\">\n    <article>\n      <div class=\"contact-form-container\" data-aos=\"fade-up\">\n        <div class=\"form-title\">Po\u0161lite n\u00e1m spr\u00e1vu<\/div>\n        <form class=\"contact\" action=\"https:\/\/related.sk\/wp-content\/themes\/carpatia\/forms\/contact\/send.php\" method=\"post\" data-js-callback=\"site.submitGeneralForm\" data-trp-original-action=\"https:\/\/related.sk\/wp-content\/themes\/carpatia\/forms\/contact\/send.php\">\n  <div class=\"inner\">\n    <fieldset>\n      <div class=\"columns-wrapper\">\n        <div class=\"column full-width\">\n          <div class=\"column-inner\">\n            <div class=\"form-control-group\">\n              <div class=\"input-wrapper\">\n                <input type=\"text\" name=\"full-name\" class=\"form-control\" title=\"\" placeholder=\"Va\u0161e meno\" required>\n              <\/div>\n              <div class=\"form-control-error\" data-rel=\"full-name\">Please enter your full name.<\/div>\n            <\/div>\n          <\/div>\n        <\/div>\n        <div class=\"column full-width\">\n          <div class=\"column-inner\">\n            <div class=\"form-control-group\">\n              <div class=\"input-wrapper\">\n                <input type=\"email\" name=\"email\" class=\"form-control\" title=\"\" placeholder=\"Va\u0161a email adresa\" required>\n              <\/div>\n              <div class=\"form-control-error\" data-rel=\"email\">Please enter your e-mail address.<\/div>\n            <\/div>\n          <\/div>\n        <\/div>\n                <div class=\"column full-width\">\n          <div class=\"column-inner\">\n            <div class=\"form-control-group\">\n              <div class=\"input-wrapper\">\n                <textarea name=\"message\" class=\"form-control\" title=\"\" placeholder=\"Sem pros\u00edm nap\u00ed\u0161te spr\u00e1vu\" required><\/textarea>\n              <\/div>\n              <div class=\"form-control-error\" data-rel=\"message\">Write a message<\/div>\n            <\/div>\n          <\/div>\n        <\/div>\n              <\/div>\n    <\/fieldset>\n    <div class=\"buttons-container\">\n      <button type=\"submit\" name=\"submit\" class=\"button button-has-icon\">Send Message <span class=\"icon-arrow-up-3\"><\/span><\/button>\n    <\/div>\n  <\/div>\n  <input type=\"hidden\" name=\"view\" value=\"ajax\">\n  <input type=\"hidden\" name=\"action-name\" value=\"send\">\n    <input type=\"hidden\" name=\"page\" value=\"https:\/\/related.sk\/sk\/wp-json\/wp\/v2\/pages\/529\">\n  <input type=\"hidden\" name=\"lang\" value=\"en\">\n  <input type=\"hidden\" name=\"recaptcha_response\" class=\"g-recaptcha\" data-key=\"6LdkrwIeAAAAAPQJOAEyyRb_kYOYsfs8y5e5POsD\">\n  <div class=\"overlay\">\n    <div class=\"content\">\n      <p>Sending, please wait...<\/p>\n      <img decoding=\"async\" src=\"https:\/\/related.sk\/wp-content\/themes\/carpatia\/img\/loader-dark.svg\" alt=\"\" class=\"loader\">\n    <\/div>\n  <\/div>\n<input type=\"hidden\" name=\"trp-form-language\" value=\"sk\"\/><\/form>      <\/div>\n    <\/article>\n  <\/div>\n<\/section><\/div><\/div><\/div><\/div><\/div>","protected":false},"excerpt":{"rendered":"<p>Office contact details Related Group s.r.o Prievozsk\u00e1 4 Apollo BC II, blok A 821 09 Bratislava<\/p>","protected":false},"author":5,"featured_media":564,"parent":0,"menu_order":0,"comment_status":"closed","ping_status":"closed","template":"","meta":{"footnotes":""},"class_list":["post-529","page","type-page","status-publish","has-post-thumbnail","hentry"],"acf":[],"yoast_head":"<!-- This site is optimized with the Yoast SEO plugin v18.1 - https:\/\/yoast.com\/wordpress\/plugins\/seo\/ -->\n<meta name=\"robots\" content=\"index, follow, max-snippet:-1, max-image-preview:large, max-video-preview:-1\" \/>\n<link rel=\"canonical\" href=\"https:\/\/related.sk\/sk\/contact\/\" \/>\n<meta property=\"og:locale\" content=\"sk_SK\" \/>\n<meta property=\"og:type\" content=\"article\" \/>\n<meta property=\"og:title\" content=\"Contact - Related Group s. r. o.\" \/>\n<meta property=\"og:description\" content=\"Office contact details Related Group s.r.o Prievozsk\u00e1 4 Apollo BC II, blok A 821 09 Bratislava\" \/>\n<meta property=\"og:url\" content=\"https:\/\/related.sk\/sk\/contact\/\" \/>\n<meta property=\"og:site_name\" content=\"Related Group s. r. o.\" \/>\n<meta property=\"article:modified_time\" content=\"2025-05-28T09:54:36+00:00\" \/>\n<meta property=\"og:image\" content=\"https:\/\/related.sk\/wp-content\/uploads\/2025\/01\/contact.png\" \/>\n\t<meta property=\"og:image:width\" content=\"2500\" \/>\n\t<meta property=\"og:image:height\" content=\"928\" \/>\n\t<meta property=\"og:image:type\" content=\"image\/png\" \/>\n<meta name=\"twitter:card\" content=\"summary_large_image\" \/>\n<script type=\"application\/ld+json\" class=\"yoast-schema-graph\">{\"@context\":\"https:\/\/schema.org\",\"@graph\":[{\"@type\":\"WebSite\",\"@id\":\"https:\/\/related.sk\/#website\",\"url\":\"https:\/\/related.sk\/\",\"name\":\"Related Group s. r. o.\",\"description\":\"\",\"potentialAction\":[{\"@type\":\"SearchAction\",\"target\":{\"@type\":\"EntryPoint\",\"urlTemplate\":\"https:\/\/related.sk\/?s={search_term_string}\"},\"query-input\":\"required name=search_term_string\"}],\"inLanguage\":\"sk-SK\"},{\"@type\":\"ImageObject\",\"@id\":\"https:\/\/related.sk\/contact\/#primaryimage\",\"inLanguage\":\"sk-SK\",\"url\":\"https:\/\/related.sk\/wp-content\/uploads\/2025\/01\/contact.png\",\"contentUrl\":\"https:\/\/related.sk\/wp-content\/uploads\/2025\/01\/contact.png\",\"width\":2500,\"height\":928},{\"@type\":\"WebPage\",\"@id\":\"https:\/\/related.sk\/contact\/#webpage\",\"url\":\"https:\/\/related.sk\/contact\/\",\"name\":\"Contact - Related Group s. r. o.\",\"isPartOf\":{\"@id\":\"https:\/\/related.sk\/#website\"},\"primaryImageOfPage\":{\"@id\":\"https:\/\/related.sk\/contact\/#primaryimage\"},\"datePublished\":\"2025-01-08T20:20:05+00:00\",\"dateModified\":\"2025-05-28T09:54:36+00:00\",\"breadcrumb\":{\"@id\":\"https:\/\/related.sk\/contact\/#breadcrumb\"},\"inLanguage\":\"sk-SK\",\"potentialAction\":[{\"@type\":\"ReadAction\",\"target\":[\"https:\/\/related.sk\/contact\/\"]}]},{\"@type\":\"BreadcrumbList\",\"@id\":\"https:\/\/related.sk\/contact\/#breadcrumb\",\"itemListElement\":[{\"@type\":\"ListItem\",\"position\":1,\"name\":\"Home\",\"item\":\"https:\/\/related.sk\/\"},{\"@type\":\"ListItem\",\"position\":2,\"name\":\"Contact\"}]}]}<\/script>\n<!-- \/ Yoast SEO plugin. -->","yoast_head_json":{"robots":{"index":"index","follow":"follow","max-snippet":"max-snippet:-1","max-image-preview":"max-image-preview:large","max-video-preview":"max-video-preview:-1"},"canonical":"https:\/\/related.sk\/sk\/contact\/","og_locale":"sk_SK","og_type":"article","og_title":"Contact - Related Group s. r. o.","og_description":"Office contact details Related Group s.r.o Prievozsk\u00e1 4 Apollo BC II, blok A 821 09 Bratislava","og_url":"https:\/\/related.sk\/sk\/contact\/","og_site_name":"Related Group s. r. o.","article_modified_time":"2025-05-28T09:54:36+00:00","og_image":[{"width":2500,"height":928,"url":"https:\/\/related.sk\/wp-content\/uploads\/2025\/01\/contact.png","type":"image\/png"}],"twitter_card":"summary_large_image","schema":{"@context":"https:\/\/schema.org","@graph":[{"@type":"WebSite","@id":"https:\/\/related.sk\/#website","url":"https:\/\/related.sk\/","name":"Related Group s. r. o.","description":"","potentialAction":[{"@type":"SearchAction","target":{"@type":"EntryPoint","urlTemplate":"https:\/\/related.sk\/?s={search_term_string}"},"query-input":"required name=search_term_string"}],"inLanguage":"sk-SK"},{"@type":"ImageObject","@id":"https:\/\/related.sk\/contact\/#primaryimage","inLanguage":"sk-SK","url":"https:\/\/related.sk\/wp-content\/uploads\/2025\/01\/contact.png","contentUrl":"https:\/\/related.sk\/wp-content\/uploads\/2025\/01\/contact.png","width":2500,"height":928},{"@type":"WebPage","@id":"https:\/\/related.sk\/contact\/#webpage","url":"https:\/\/related.sk\/contact\/","name":"Contact - Related Group s. r. o.","isPartOf":{"@id":"https:\/\/related.sk\/#website"},"primaryImageOfPage":{"@id":"https:\/\/related.sk\/contact\/#primaryimage"},"datePublished":"2025-01-08T20:20:05+00:00","dateModified":"2025-05-28T09:54:36+00:00","breadcrumb":{"@id":"https:\/\/related.sk\/contact\/#breadcrumb"},"inLanguage":"sk-SK","potentialAction":[{"@type":"ReadAction","target":["https:\/\/related.sk\/contact\/"]}]},{"@type":"BreadcrumbList","@id":"https:\/\/related.sk\/contact\/#breadcrumb","itemListElement":[{"@type":"ListItem","position":1,"name":"Home","item":"https:\/\/related.sk\/"},{"@type":"ListItem","position":2,"name":"Contact"}]}]}},"_links":{"self":[{"href":"https:\/\/related.sk\/sk\/wp-json\/wp\/v2\/pages\/529","targetHints":{"allow":["GET"]}}],"collection":[{"href":"https:\/\/related.sk\/sk\/wp-json\/wp\/v2\/pages"}],"about":[{"href":"https:\/\/related.sk\/sk\/wp-json\/wp\/v2\/types\/page"}],"author":[{"embeddable":true,"href":"https:\/\/related.sk\/sk\/wp-json\/wp\/v2\/users\/5"}],"replies":[{"embeddable":true,"href":"https:\/\/related.sk\/sk\/wp-json\/wp\/v2\/comments?post=529"}],"version-history":[{"count":23,"href":"https:\/\/related.sk\/sk\/wp-json\/wp\/v2\/pages\/529\/revisions"}],"predecessor-version":[{"id":952,"href":"https:\/\/related.sk\/sk\/wp-json\/wp\/v2\/pages\/529\/revisions\/952"}],"wp:featuredmedia":[{"embeddable":true,"href":"https:\/\/related.sk\/sk\/wp-json\/wp\/v2\/media\/564"}],"wp:attachment":[{"href":"https:\/\/related.sk\/sk\/wp-json\/wp\/v2\/media?parent=529"}],"curies":[{"name":"wp","href":"https:\/\/api.w.org\/{rel}","templated":true}]}}